{"id":21,"date":"2016-06-17T13:06:05","date_gmt":"2016-06-17T13:06:05","guid":{"rendered":"http:\/\/l4dev.org\/?page_id=21"},"modified":"2016-06-17T21:17:58","modified_gmt":"2016-06-17T21:17:58","slug":"om-foretaget","status":"publish","type":"page","link":"http:\/\/l4dev.org\/index.php\/om-foretaget\/","title":{"rendered":"Om f\u00f6retaget"},"content":{"rendered":"<p>L4 Dev startade 2013 och specialiserar sig p\u00e5 magasinering f\u00f6r b\u00e5de privat och f\u00f6retagskunder. Du f\u00e5r ett eget f\u00f6rr\u00e5d i en av v\u00e5ra anl\u00e4ggningar med unik nyckel som ingen annan har tillg\u00e5ng till \u00e4n du sj\u00e4lv. V\u00e5ra lokaler finns i Stockholmsomr\u00e5det n\u00e4ra centrum med god anknytning till kollektivtrafik. Omsorg och varsamhet om v\u00e5ra kunders tillh\u00f6righeter har gjort oss till en etablerad akt\u00f6r f\u00f6r magasinering. Ring oss idag p\u00e5 <span class=\"headerphone\">08-508 281 94<\/span> s\u00e5 svarar v\u00e5r personal g\u00e4rna p\u00e5 era fr\u00e5gor.<br \/>\n<\/br><\/br><br \/>\n&nbsp;<\/p>\n<p>&nbsp;<\/p>\n","protected":false},"excerpt":{"rendered":"<p>L4 Dev startade 2013 och specialiserar sig p\u00e5 magasinering f\u00f6r b\u00e5de privat och f\u00f6retagskunder. Du f\u00e5r ett eget f\u00f6rr\u00e5d i en av v\u00e5ra anl\u00e4ggningar med unik nyckel som ingen annan har tillg\u00e5ng till \u00e4n du sj\u00e4lv. V\u00e5ra lokaler finns i Stockholmsomr\u00e5det n\u00e4ra centrum med god anknytning till kollektivtrafik. Omsorg och varsamhet om v\u00e5ra kunders tillh\u00f6righeter [&hellip;]<\/p>\n","protected":false},"author":1,"featured_media":0,"parent":0,"menu_order":2,"comment_status":"closed","ping_status":"closed","template":"","meta":{"footnotes":""},"class_list":["post-21","page","type-page","status-publish","hentry"],"_links":{"self":[{"href":"http:\/\/l4dev.org\/index.php\/wp-json\/wp\/v2\/pages\/21","targetHints":{"allow":["GET"]}}],"collection":[{"href":"http:\/\/l4dev.org\/index.php\/wp-json\/wp\/v2\/pages"}],"about":[{"href":"http:\/\/l4dev.org\/index.php\/wp-json\/wp\/v2\/types\/page"}],"author":[{"embeddable":true,"href":"http:\/\/l4dev.org\/index.php\/wp-json\/wp\/v2\/users\/1"}],"replies":[{"embeddable":true,"href":"http:\/\/l4dev.org\/index.php\/wp-json\/wp\/v2\/comments?post=21"}],"version-history":[{"count":4,"href":"http:\/\/l4dev.org\/index.php\/wp-json\/wp\/v2\/pages\/21\/revisions"}],"predecessor-version":[{"id":31,"href":"http:\/\/l4dev.org\/index.php\/wp-json\/wp\/v2\/pages\/21\/revisions\/31"}],"wp:attachment":[{"href":"http:\/\/l4dev.org\/index.php\/wp-json\/wp\/v2\/media?parent=21"}],"curies":[{"name":"wp","href":"https:\/\/api.w.org\/{rel}","templated":true}]}}