{"id":2,"date":"2016-04-12T20:42:15","date_gmt":"2016-04-12T20:42:15","guid":{"rendered":"http:\/\/l4dev.org\/\/?page_id=2"},"modified":"2016-06-17T21:19:20","modified_gmt":"2016-06-17T21:19:20","slug":"kontakt","status":"publish","type":"page","link":"https:\/\/l4dev.org\/index.php\/kontakt\/","title":{"rendered":"Kontakt"},"content":{"rendered":"<p>&nbsp;<\/p>\n<p>Vid fr\u00e5gor eller funderingar v\u00e4nligen p\u00e5 ett av f\u00f6ljande s\u00e4tt:<\/p>\n<p>Telefon:08-508 281 94<\/p>\n<p>E-post: <a href=\"mailto:kontakt@l4dev.org\">kontakt@l4dev.org<\/a><\/p>\n","protected":false},"excerpt":{"rendered":"<p>&nbsp; Vid fr\u00e5gor eller funderingar v\u00e4nligen p\u00e5 ett av f\u00f6ljande s\u00e4tt: Telefon:08-508 281 94 E-post: kontakt@l4dev.org<\/p>\n","protected":false},"author":1,"featured_media":0,"parent":0,"menu_order":5,"comment_status":"closed","ping_status":"closed","template":"","meta":{"footnotes":""},"class_list":["post-2","page","type-page","status-publish","hentry"],"_links":{"self":[{"href":"https:\/\/l4dev.org\/index.php\/wp-json\/wp\/v2\/pages\/2","targetHints":{"allow":["GET"]}}],"collection":[{"href":"https:\/\/l4dev.org\/index.php\/wp-json\/wp\/v2\/pages"}],"about":[{"href":"https:\/\/l4dev.org\/index.php\/wp-json\/wp\/v2\/types\/page"}],"author":[{"embeddable":true,"href":"https:\/\/l4dev.org\/index.php\/wp-json\/wp\/v2\/users\/1"}],"replies":[{"embeddable":true,"href":"https:\/\/l4dev.org\/index.php\/wp-json\/wp\/v2\/comments?post=2"}],"version-history":[{"count":4,"href":"https:\/\/l4dev.org\/index.php\/wp-json\/wp\/v2\/pages\/2\/revisions"}],"predecessor-version":[{"id":34,"href":"https:\/\/l4dev.org\/index.php\/wp-json\/wp\/v2\/pages\/2\/revisions\/34"}],"wp:attachment":[{"href":"https:\/\/l4dev.org\/index.php\/wp-json\/wp\/v2\/media?parent=2"}],"curies":[{"name":"wp","href":"https:\/\/api.w.org\/{rel}","templated":true}]}}