{"id":27,"date":"2016-06-17T21:07:02","date_gmt":"2016-06-17T21:07:02","guid":{"rendered":"http:\/\/l4dev.org\/?page_id=27"},"modified":"2016-06-17T21:18:42","modified_gmt":"2016-06-17T21:18:42","slug":"lediga-tjanster","status":"publish","type":"page","link":"https:\/\/l4dev.org\/index.php\/lediga-tjanster\/","title":{"rendered":"Lediga tj\u00e4nster"},"content":{"rendered":"<p>F\u00f6r tillf\u00e4llet finns inga lediga tj\u00e4nster. Med titta g\u00e4rna in med j\u00e4mna mellanrum d\u00e5 vi uppdaterar sidan s\u00e5 fort lediga tj\u00e4nster finns tillg\u00e4ngliga!<\/br><\/br><\/p>\n","protected":false},"excerpt":{"rendered":"<p>F\u00f6r tillf\u00e4llet finns inga lediga tj\u00e4nster. Med titta g\u00e4rna in med j\u00e4mna mellanrum d\u00e5 vi uppdaterar sidan s\u00e5 fort lediga tj\u00e4nster finns tillg\u00e4ngliga!<\/p>\n","protected":false},"author":1,"featured_media":0,"parent":0,"menu_order":3,"comment_status":"closed","ping_status":"closed","template":"","meta":{"footnotes":""},"class_list":["post-27","page","type-page","status-publish","hentry"],"_links":{"self":[{"href":"https:\/\/l4dev.org\/index.php\/wp-json\/wp\/v2\/pages\/27","targetHints":{"allow":["GET"]}}],"collection":[{"href":"https:\/\/l4dev.org\/index.php\/wp-json\/wp\/v2\/pages"}],"about":[{"href":"https:\/\/l4dev.org\/index.php\/wp-json\/wp\/v2\/types\/page"}],"author":[{"embeddable":true,"href":"https:\/\/l4dev.org\/index.php\/wp-json\/wp\/v2\/users\/1"}],"replies":[{"embeddable":true,"href":"https:\/\/l4dev.org\/index.php\/wp-json\/wp\/v2\/comments?post=27"}],"version-history":[{"count":2,"href":"https:\/\/l4dev.org\/index.php\/wp-json\/wp\/v2\/pages\/27\/revisions"}],"predecessor-version":[{"id":32,"href":"https:\/\/l4dev.org\/index.php\/wp-json\/wp\/v2\/pages\/27\/revisions\/32"}],"wp:attachment":[{"href":"https:\/\/l4dev.org\/index.php\/wp-json\/wp\/v2\/media?parent=27"}],"curies":[{"name":"wp","href":"https:\/\/api.w.org\/{rel}","templated":true}]}}